{"id":3365,"date":"2022-10-19T12:33:27","date_gmt":"2022-10-19T09:33:27","guid":{"rendered":"https:\/\/artemis-its.com\/vaste-netwerkdiensten\/"},"modified":"2024-05-13T14:55:14","modified_gmt":"2024-05-13T11:55:14","slug":"vaste-netwerkdiensten","status":"publish","type":"page","link":"https:\/\/artemis-its.com\/nl\/vaste-netwerkdiensten\/","title":{"rendered":"Vaste netwerkdiensten"},"content":{"rendered":"<div class=\"gb-container gb-container-d2030dfb\"><div class=\"gb-inside-container\">\n\n<p class=\"gb-headline gb-headline-d9ca35ba gb-headline-text\">Intelligente systemen, cloud computing, e-learning, e-gezondheidszorg en e-bestuur zijn de drijvende krachten achter de snelle ontwikkeling van de telecommunicatie-industrie. Deze dynamische vooruitgang heeft de groei van de vezeloptische markt gestimuleerd.<\/p>\n\n\n\n<p class=\"gb-headline gb-headline-7a4eb95b gb-headline-text\">Onze innovatieve telecommunicatieoplossingen vertrouwen op deze kerntechnologie\u00ebn om een verbonden wereld te cre\u00ebren. We begrijpen het belang van slimme connectiviteit en vertrouwen op geavanceerde vezeloptische technologie\u00ebn om te voldoen aan de toenemende eisen van onze digitale samenleving.<\/p>\n\n<\/div><\/div>\n\n<div class=\"gb-container gb-container-7a59a319\"><div class=\"gb-inside-container\">\n\n<h6 class=\"gb-headline gb-headline-d2d4b454 gb-headline-text\">Vaste netwerkdiensten<\/h6>\n\n\n\n<h2 class=\"gb-headline gb-headline-11a87a88 gb-headline-text\">Onze diensten kort samengevat<\/h2>\n\n\n<div class=\"gb-container gb-container-8c6a8aaf\">\n<div class=\"gb-grid-wrapper gb-grid-wrapper-9062875b\">\n<div class=\"gb-grid-column gb-grid-column-7da0ad91\"><div class=\"gb-container gb-container-7da0ad91\">\n\n<h3 class=\"gb-headline gb-headline-489b558f gb-headline-text\"><strong>1. <strong><strong>Projectmanagement voor FTTH-projecten<\/strong><\/strong><\/strong><\/h3>\n\n<\/div><\/div>\n<\/div>\n\n<div class=\"gb-grid-wrapper gb-grid-wrapper-b677ce57\">\n<div class=\"gb-grid-column gb-grid-column-3f9af34d\"><div class=\"gb-container gb-container-3f9af34d\">\n\n<figure class=\"gb-block-image gb-block-image-ec37485a\"><img loading=\"lazy\" decoding=\"async\" width=\"800\" height=\"640\" class=\"gb-image gb-image-ec37485a\" src=\"https:\/\/artemis-its.com\/wp-content\/uploads\/2024\/05\/artemis-ftth-project-management-1.jpg\"\/><\/figure>\n\n<\/div><\/div>\n\n<div class=\"gb-grid-column gb-grid-column-a2d33f33\"><div class=\"gb-container gb-container-a2d33f33\">\n\n<p>Onze experts op het gebied van glasvezel spelen een centrale rol in de tijdige uitvoering van onze projecten. De belangrijkste taak is om een soepele communicatie te waarborgen met gemeenten en overheidsinstanties, projectspecificaties op het gebied van glasvezeluitbreiding te verduidelijken en het schema te beheren.<\/p>\n\n\n\n<p>Tegelijkertijd bewaakt en optimaliseert de afdeling alle interne processen met als primaire doel de kosten-effici\u00ebntie te maximaliseren terwijl de netwerkdekking van hoge kwaliteit blijft.<\/p>\n\n\n\n<p>Deze gestructureerde aanpak garandeert niet alleen transparant en effectief projectmanagement, maar zorgt er ook voor dat onze vaste netwerkprojecten niet alleen op tijd worden voltooid, maar ook aan de hoogste kwaliteitsnormen voldoen.<\/p>\n\n<\/div><\/div>\n<\/div>\n<\/div>\n\n<div class=\"gb-container gb-container-66248029\">\n<div class=\"gb-grid-wrapper gb-grid-wrapper-ae1dd800\">\n<div class=\"gb-grid-column gb-grid-column-139e943d\"><div class=\"gb-container gb-container-139e943d\">\n\n<h3 class=\"gb-headline gb-headline-4c862086 gb-headline-text\">2. <strong><strong>Vergunningen voor FTTH-projecten<\/strong><\/strong><\/h3>\n\n<\/div><\/div>\n<\/div>\n\n<div class=\"gb-grid-wrapper gb-grid-wrapper-95f6c7b4\">\n<div class=\"gb-grid-column gb-grid-column-0bdaabf8\"><div class=\"gb-container gb-container-0bdaabf8\">\n\n<p>Het verkrijgen van vergunningen speelt een cruciale rol in elk project, vooral bij de aanleg van glasvezelnetwerken. Onze ervaren ingenieurs zijn gespecialiseerd in het voorbereiden en verwerken van alle benodigde vergunningen voor de aanleg van glasvezelnetwerken in het vaste netwerk.<\/p>\n\n\n\n<p>Door nauw samen te werken met de relevante telecommunicatieproviders streven we ernaar om vergunningen tijdig te verkrijgen, zodat we een naadloze start van onze projecten kunnen garanderen. We besteden speciale aandacht aan het monitoren van de geldigheid van de vergunningen tijdens de bouwfase. Dit zorgt niet alleen voor naleving van wettelijke vereisten, maar ook voor een uitgebreide netwerkdekking volgens de specificaties.<\/p>\n\n<\/div><\/div>\n\n<div class=\"gb-grid-column gb-grid-column-3594ca73\"><div class=\"gb-container gb-container-3594ca73\">\n\n<figure class=\"gb-block-image gb-block-image-43f1c7a8\"><img loading=\"lazy\" decoding=\"async\" width=\"800\" height=\"640\" class=\"gb-image gb-image-43f1c7a8\" src=\"https:\/\/artemis-its.com\/wp-content\/uploads\/2024\/05\/artemis-permits-1.jpg\"\/><\/figure>\n\n<\/div><\/div>\n<\/div>\n<\/div>\n\n<div class=\"gb-container gb-container-574cd29e\">\n<div class=\"gb-grid-wrapper gb-grid-wrapper-a955fcd1\">\n<div class=\"gb-grid-column gb-grid-column-0aba7a11\"><div class=\"gb-container gb-container-0aba7a11\">\n\n<h3 class=\"gb-headline gb-headline-23dd12d7 gb-headline-text\">3. <strong><strong><strong>Inspectie van FTTH-thuisinstallaties<\/strong><\/strong><\/strong><\/h3>\n\n<\/div><\/div>\n<\/div>\n\n<div class=\"gb-grid-wrapper gb-grid-wrapper-8f5b129c\">\n<div class=\"gb-grid-column gb-grid-column-ed8fe5c7\"><div class=\"gb-container gb-container-ed8fe5c7\">\n\n<figure class=\"gb-block-image gb-block-image-669efe6a\"><img loading=\"lazy\" decoding=\"async\" width=\"5568\" height=\"3712\" class=\"gb-image gb-image-669efe6a\" src=\"https:\/\/artemis-its.com\/wp-content\/uploads\/2024\/05\/DSC_8370.jpg\"\/><\/figure>\n\n<\/div><\/div>\n\n<div class=\"gb-grid-column gb-grid-column-b45c184a\"><div class=\"gb-container gb-container-b45c184a\">\n\n<p>Wij bieden nauwkeurige thuisinspecties voor zowel particuliere als zakelijke klanten om ervoor te zorgen dat aan uw technische behoeften voor de aanleg van glasvezel optimaal wordt voldaan. Onze ervaren en gecertificeerde ingenieurs zijn gepassioneerd over het leveren van de best mogelijke klantbeleving.<\/p>\n\n\n\n<p>De inspectie wordt ter plaatse uitgevoerd en is specifiek gebaseerd op de netwerkspecificaties. Onze ingenieurs ontwikkelen effici\u00ebnte technische oplossingen in glasvezelaanleg die precies zijn afgestemd op uw behoeften. Het resultaat wordt vastgelegd in een uitgebreid protocol, dat samen met de klant wordt besproken. Het bevat alle stappen, vergezeld van relevante foto&#8217;s en gedetailleerde informatie over het glasvezelproject.<\/p>\n\n<\/div><\/div>\n<\/div>\n<\/div>\n\n<div class=\"gb-container gb-container-99212eaf\">\n<div class=\"gb-grid-wrapper gb-grid-wrapper-470b4a05\">\n<div class=\"gb-grid-column gb-grid-column-73bef160\"><div class=\"gb-container gb-container-73bef160\">\n\n<h3 class=\"gb-headline gb-headline-5b22626f gb-headline-text\">4. <strong><strong><strong>Uitrol van FTTH<\/strong><\/strong><\/strong><\/h3>\n\n<\/div><\/div>\n<\/div>\n\n<div class=\"gb-grid-wrapper gb-grid-wrapper-aa325c15\">\n<div class=\"gb-grid-column gb-grid-column-07ae6ce2\"><div class=\"gb-container gb-container-07ae6ce2\">\n\n<p>Onze zeer bekwame bouwploegen zijn uitgerust met geavanceerde apparatuur om glasvezelkabels aan te leggen in verschillende gebieden (stedelijk, semi-stedelijk, landelijk) en op alle oppervlakken. Door grondige technieken te gebruiken zoals graven, opgravingen en horizontaal gestuurde boringen, maken we de uitrol van glasvezel effici\u00ebnt en toekomstgericht voor een eersteklas vast netwerk, verbeterde netwerkdekking en snelle gegevensverbindingen.<\/p>\n\n\n\n<p>Onze ervaren locatiemanagers zijn speciaal getraind op het gebied van technologie, gezondheid, veiligheid, verkeersbeheer en EHBO. Ze staan klaar om informatie en transparantie te bieden aan lokale autoriteiten of burgers zoals vereist.<\/p>\n\n\n\n<p>Met een respectvolle kijk op de lokale omgeving zorgen we ervoor dat het gebied in zijn oorspronkelijke staat wordt teruggegeven aan de gemeenschap zodra ons werk is voltooid. Op deze manier richten we ons niet alleen op effici\u00ebntie en veiligheid, maar ook op duurzaamheid bij de uitbreiding van glasvezel.<\/p>\n\n<\/div><\/div>\n\n<div class=\"gb-grid-column gb-grid-column-847b1f12\"><div class=\"gb-container gb-container-847b1f12\">\n\n<figure class=\"gb-block-image gb-block-image-0f17467e\"><img loading=\"lazy\" decoding=\"async\" width=\"3500\" height=\"2329\" class=\"gb-image gb-image-0f17467e\" src=\"https:\/\/artemis-its.com\/wp-content\/uploads\/2024\/05\/artemis-koln_1352.jpg\"\/><\/figure>\n\n<\/div><\/div>\n<\/div>\n<\/div>\n\n<div class=\"gb-container gb-container-06f062fd\">\n<div class=\"gb-grid-wrapper gb-grid-wrapper-5e202219\">\n<div class=\"gb-grid-column gb-grid-column-d7dacac4\"><div class=\"gb-container gb-container-d7dacac4\">\n\n<h3 class=\"gb-headline gb-headline-c77bf2e0 gb-headline-text\">5. <strong><strong><strong>Netwerk Mapping &amp; Ontwerp<\/strong><\/strong><\/strong><\/h3>\n\n<\/div><\/div>\n<\/div>\n\n<div class=\"gb-grid-wrapper gb-grid-wrapper-048bf876\">\n<div class=\"gb-grid-column gb-grid-column-f9c9b7e9\"><div class=\"gb-container gb-container-f9c9b7e9\">\n\n<figure class=\"gb-block-image gb-block-image-07ad5cfb\"><img loading=\"lazy\" decoding=\"async\" width=\"800\" height=\"640\" class=\"gb-image gb-image-07ad5cfb\" src=\"https:\/\/artemis-its.com\/wp-content\/uploads\/2024\/05\/network-and-mapping-design-1.jpg\"\/><\/figure>\n\n<\/div><\/div>\n\n<div class=\"gb-grid-column gb-grid-column-e5156388\"><div class=\"gb-container gb-container-e5156388\">\n\n<p>We voeren nauwgezette onderzoeken uit op locaties om optimale routes te bepalen en effici\u00ebnt glasvezelinstallaties te plannen. Met geavanceerde apparatuur maken onze ingenieurs nauwkeurige kaarten van routes en identificeren ze ondergrondse netwerken.<\/p>\n\n\n\n<p>In samenwerking met ons ervaren netwerkontwerpteam en geavanceerde software voeren we high-level en low-level ontwerpen uit voor uitgebreide netwerkplannen die civiele werken, telecommunicatie en klantaansluitingen omvatten.<\/p>\n\n\n\n<p>Daarnaast stellen we materiaal- en service-specificaties op om het projectvoorbereidingsproces en de kostenanalyse te stroomlijnen. Na voltooiing documenteren we het installatieproces voor een naadloze integratie van glasvezelverbindingen, assemblage, ontwerp, netwerkdekking in kaart brengen, en innovatieve technologie\u00ebn, met als resultaat een toekomstbestendige infrastructuur.<\/p>\n\n<\/div><\/div>\n<\/div>\n<\/div>\n\n<div class=\"gb-container gb-container-58a4e318\">\n<div class=\"gb-grid-wrapper gb-grid-wrapper-60c70831\">\n<div class=\"gb-grid-column gb-grid-column-7a22d9af\"><div class=\"gb-container gb-container-7a22d9af\">\n\n<h3 class=\"gb-headline gb-headline-f4254049 gb-headline-text\">6. <strong><strong><strong>Fiber optische huisaansluiting<\/strong><\/strong><\/strong><\/h3>\n\n<\/div><\/div>\n<\/div>\n\n<div class=\"gb-grid-wrapper gb-grid-wrapper-0cca3cca\">\n<div class=\"gb-grid-column gb-grid-column-f37f3fda\"><div class=\"gb-container gb-container-f37f3fda\">\n\n<p>Wij bieden een uitgebreide verticale leveringsservice voor vaste netwerken, waarbij de installatie en assemblage van glasvezelinfrastructuur wordt verzorgd vanaf het punt van aanwezigheid tot aan de eindklant. Onze expertise strekt zich uit tot de nauwkeurige installatie van glasvezelverbindingen om u betrouwbare en hoogwaardige vaste lijndiensten te bieden.<\/p>\n\n\n\n<p>Onze focus ligt op het waarborgen van een hoogwaardige implementatie en een robuuste netwerkinfrastructuur die voldoet aan de specifieke eisen van onze klanten.<\/p>\n\n\n\n<p>Nadat de installatie is voltooid, bieden we uitgebreide documentatie van de infrastructuur, inclusief glasvezelinformatie en metingen. Dit vormt een solide basis voor toekomstige onderhoudsvereisten.<\/p>\n\n\n\n<p>Naast klantaansluitingen richten we zelfstandige thuis- en zakelijke aansluitingen op in bestaande netwerkinfrastructuren. Hierdoor kunnen abonnees die tijdens de initi\u00eble uitrolfase van het netwerk niet konden worden aangesloten, toch toegang krijgen tot snelle data.<\/p>\n\n<\/div><\/div>\n\n<div class=\"gb-grid-column gb-grid-column-679b40c4\"><div class=\"gb-container gb-container-679b40c4\">\n\n<figure class=\"gb-block-image gb-block-image-006ffe1c\"><img decoding=\"async\" class=\"gb-image gb-image-006ffe1c\" src=\"https:\/\/artemis-its.com\/wp-content\/uploads\/2022\/11\/artemis-munich_0402_-compress-1.jpg\"\/><\/figure>\n\n<\/div><\/div>\n<\/div>\n<\/div>\n<\/div><\/div>","protected":false},"excerpt":{"rendered":"<p>Intelligente systemen, cloud computing, e-learning, e-gezondheidszorg en e-bestuur zijn de drijvende krachten achter de snelle &#8230; <a title=\"Vaste netwerkdiensten\" class=\"read-more\" href=\"https:\/\/artemis-its.com\/nl\/vaste-netwerkdiensten\/\" aria-label=\"Lees meer over Vaste netwerkdiensten\">Lees meer<\/a><\/p>\n","protected":false},"author":7,"featured_media":4225,"parent":0,"menu_order":0,"comment_status":"closed","ping_status":"closed","template":"","meta":{"_acf_changed":false,"footnotes":""},"class_list":["post-3365","page","type-page","status-publish","has-post-thumbnail"],"acf":[],"_links":{"self":[{"href":"https:\/\/artemis-its.com\/nl\/wp-json\/wp\/v2\/pages\/3365","targetHints":{"allow":["GET"]}}],"collection":[{"href":"https:\/\/artemis-its.com\/nl\/wp-json\/wp\/v2\/pages"}],"about":[{"href":"https:\/\/artemis-its.com\/nl\/wp-json\/wp\/v2\/types\/page"}],"author":[{"embeddable":true,"href":"https:\/\/artemis-its.com\/nl\/wp-json\/wp\/v2\/users\/7"}],"replies":[{"embeddable":true,"href":"https:\/\/artemis-its.com\/nl\/wp-json\/wp\/v2\/comments?post=3365"}],"version-history":[{"count":22,"href":"https:\/\/artemis-its.com\/nl\/wp-json\/wp\/v2\/pages\/3365\/revisions"}],"predecessor-version":[{"id":5647,"href":"https:\/\/artemis-its.com\/nl\/wp-json\/wp\/v2\/pages\/3365\/revisions\/5647"}],"wp:featuredmedia":[{"embeddable":true,"href":"https:\/\/artemis-its.com\/nl\/wp-json\/wp\/v2\/media\/4225"}],"wp:attachment":[{"href":"https:\/\/artemis-its.com\/nl\/wp-json\/wp\/v2\/media?parent=3365"}],"curies":[{"name":"wp","href":"https:\/\/api.w.org\/{rel}","templated":true}]}}