{"id":7551,"date":"2026-03-27T18:06:34","date_gmt":"2026-03-27T16:06:34","guid":{"rendered":"https:\/\/artemis-its.com\/energy-infrastructure\/"},"modified":"2026-05-06T13:04:25","modified_gmt":"2026-05-06T10:04:25","slug":"energieinfrastruktur","status":"publish","type":"page","link":"https:\/\/artemis-its.com\/de\/energieinfrastruktur\/","title":{"rendered":"Energieinfrastruktur"},"content":{"rendered":"\n<div class=\"spacing-section gb-element-d93001e1\">\n<div class=\"gb-element-f17d217b\">\n<p class=\"gb-text gb-text-5cf1e29c\"><strong>ENERGIEINFRASTRUKTUR<\/strong><\/p>\n\n\n\n<h1 class=\"gb-text gb-text-54a11d77\">Die n\u00e4chste Generation von Energienetzen vorantreiben<\/h1>\n\n\n\n<p class=\"gb-text gb-text-20b1c120\">Infrastruktur-Expertise treibt die Energiewende voran<\/p>\n<\/div>\n<\/div>\n\n\n\n<div class=\"spacing-section gb-element-6a4521ef our-commitment\">\n<div class=\"gb-element-0d7329b4\">\n<div class=\"gb-element-9532aa3e\">\n<div>\n<img loading=\"lazy\" decoding=\"async\" width=\"720\" height=\"1080\" class=\"gb-media-6592284c\" alt=\"\" src=\"https:\/\/artemis-its.com\/wp-content\/uploads\/2026\/03\/home.jpg\" title=\"home\"\/>\n<\/div>\n\n\n\n<div>\n<h2 class=\"gb-text gb-text-3e492f89\">Unterst\u00fctzung des Ausbaus moderner Energienetze<\/h2>\n\n\n\n<p class=\"gb-text gb-text-b30567c8\">Artemis erweitert ihre Infrastruktur-Expertise, um die Entwicklung moderner Energienetze in ganz Europa zu unterst\u00fctzen. Aufbauend auf langj\u00e4hriger Erfahrung in Engineering, Tiefbau und Infrastrukturimplementierung bereiten wir uns darauf vor, zur n\u00e4chsten Generation<br>von Energieinfrastrukturprojekten beizutragen.<\/p>\n\n\n\n<a class=\"primary-btn gb-text-f745d92f smooth-scroll\" href=\"#contact\"><span class=\"gb-text\">Kontakt<\/span><span class=\"gb-shape\"><svg xmlns=\"http:\/\/www.w3.org\/2000\/svg\" width=\"16\" height=\"16\" viewBox=\"0 0 16 16\" fill=\"none\">\n  <path d=\"M8.8 0H7.2C7.2 3 8.7 5.7 11.1 7.2H0V8.7H11.1C8.8 10.3 7.2 13 7.2 16H8.7C8.7 12 12 8.8 15.9 8.8V7.2C12 7.2 8.8 4 8.8 0Z\" fill=\"currentColor\"><\/path>\n<\/svg><\/span><\/a>\n<\/div>\n<\/div>\n<\/div>\n<\/div>\n\n\n\n<div class=\"spacing-section gb-element-7b4ad5c2 our-commitment\">\n<div class=\"gb-element-cbcf389b\">\n<div class=\"gb-element-1ed08add\">\n<div>\n<h2 class=\"gb-text gb-text-b2116936\">Die Energiewende hin zur Energieinfrastruktur<\/h2>\n\n\n\n<p class=\"gb-text gb-text-978d50d4\">In ganz Europa befindet sich der Energiesektor in einer wichtigen Transformationsphase. Die Entwicklung erneuerbarer Energiequellen, die Elektrifizierung von Industrien und die Modernisierung der Stromnetze erfordern eine gro\u00df angelegte Infrastrukturentwicklung \u2014<br>einschlie\u00dflich unterirdischer Verkabelung, Tiefbauarbeiten und der Koordination von Projekten im gro\u00dfen Ma\u00dfstab.<br>Diese Projekte basieren auf F\u00e4higkeiten, die mit denen bei der Entwicklung digitaler Infrastruktur vergleichbar sind.<\/p>\n\n\n\n<h2 class=\"gb-text gb-text-db5ce714\">Infrastruktur-Expertise f\u00fcr Energieprojekte<\/h2>\n\n\n\n<p class=\"gb-text gb-text-bf24ae42\"><strong>Artemis verf\u00fcgt \u00fcber umfangreiche Erfahrung in der Umsetzung komplexer Infrastrukturprojekte in mehreren europ\u00e4ischen M\u00e4rkten. Unsere Kompetenzen in Engineering, Genehmigungsmanagement, Tiefbau und Infrastrukturentwicklung bilden eine starke Grundlage f\u00fcr die Unterst\u00fctzung der Entwicklung von Energieinfrastruktur.<\/strong><\/p>\n<\/div>\n\n\n\n<div>\n<img loading=\"lazy\" decoding=\"async\" width=\"1200\" height=\"800\" class=\"gb-media-4407e0d2\" alt=\"\" src=\"https:\/\/artemis-its.com\/wp-content\/uploads\/2026\/03\/ChatGPT-Image-Mar-27-2026-01_03_36-PM.jpg\" title=\"ChatGPT Image Mar 27, 2026, 01_03_36 PM\"\/>\n<\/div>\n<\/div>\n<\/div>\n<\/div>\n\n\n\n<div class=\"spacing-section\" id=\"contact\">\n<div class=\"gb-element-a44e0fac\">\n<div class=\"gb-element-940a68ff\">\n<div><div class=\"wpforms-container wpforms-container-full wpforms-block wpforms-block-2ae8ee0f-d2fa-44b1-8f18-1e3a95977dd4\" id=\"wpforms-7306\"><form id=\"wpforms-form-7306\" class=\"wpforms-validate wpforms-form wpforms-ajax-form\" data-formid=\"7306\" method=\"post\" enctype=\"multipart\/form-data\" action=\"\/de\/wp-json\/wp\/v2\/pages\/7551\" data-token=\"d78ca36a39c31faca910c0355c743a05\" data-token-time=\"1778859931\"><noscript class=\"wpforms-error-noscript\">Bitte aktiviere JavaScript in deinem Browser, um dieses Formular fertigzustellen.<\/noscript><div class=\"wpforms-field-container\"><div id=\"wpforms-7306-field_0-container\" class=\"wpforms-field wpforms-field-name\" data-field-id=\"0\"><label class=\"wpforms-field-label\" for=\"wpforms-7306-field_0\">Name <span class=\"wpforms-required-label\">*<\/span><\/label><input type=\"text\" id=\"wpforms-7306-field_0\" class=\"wpforms-field-large wpforms-field-required\" name=\"wpforms[fields][0]\" required><\/div><div id=\"wpforms-7306-field_1-container\" class=\"wpforms-field wpforms-field-email\" data-field-id=\"1\"><label class=\"wpforms-field-label\" for=\"wpforms-7306-field_1\">Email <span class=\"wpforms-required-label\">*<\/span><\/label><input type=\"email\" id=\"wpforms-7306-field_1\" class=\"wpforms-field-large wpforms-field-required\" name=\"wpforms[fields][1]\" spellcheck=\"false\" required><\/div><div id=\"wpforms-7306-field_2-container\" class=\"wpforms-field wpforms-field-textarea\" data-field-id=\"2\"><label class=\"wpforms-field-label\" for=\"wpforms-7306-field_2\">Comment or Message<\/label><textarea id=\"wpforms-7306-field_2\" class=\"wpforms-field-medium\" name=\"wpforms[fields][2]\" ><\/textarea><\/div><div id=\"wpforms-7306-field_4-container\" class=\"wpforms-field wpforms-field-hidden\" data-field-id=\"4\"><input type=\"hidden\" id=\"wpforms-7306-field_4\" name=\"wpforms[fields][4]\" value=\"https:\/\/artemis-its.com\/de\/wp-json\/wp\/v2\/pages\/7551\"><\/div><div id=\"wpforms-7306-field_5-container\" class=\"wpforms-field wpforms-field-hidden\" data-field-id=\"5\"><input type=\"hidden\" id=\"wpforms-7306-field_5\" name=\"wpforms[fields][5]\"><\/div><div id=\"wpforms-7306-field_6-container\" class=\"wpforms-field wpforms-field-gdpr-checkbox\" data-field-id=\"6\"><label class=\"wpforms-field-label\">GDPR Agreement <span class=\"wpforms-required-label\">*<\/span><\/label><ul id=\"wpforms-7306-field_6\" class=\"wpforms-field-required\"><li class=\"choice-1\"><input type=\"checkbox\" id=\"wpforms-7306-field_6_1\" name=\"wpforms[fields][6][]\" value=\"I have read the &lt;a href=&quot;https:\/\/artemis-its.com\/privacy-policy\/&quot;&gt;Privacy Policy&lt;\/a&gt;. I consent to having this website store my submitted information so they can respond to my inquiry.\" required ><label class=\"wpforms-field-label-inline\" for=\"wpforms-7306-field_6_1\">I have read the <a href=\"https:\/\/artemis-its.com\/privacy-policy\/\">Privacy Policy<\/a>. I consent to having this website store my submitted information so they can respond to my inquiry.<\/label><\/li><\/ul><\/div><\/div><!-- .wpforms-field-container --><div class=\"wpforms-recaptcha-container wpforms-is-turnstile\" ><div class=\"wpforms-turnstile\" data-sitekey=\"0x4AAAAAAAFHY-6OQjYwDOtG\" data-action=\"FormID-7306\"><\/div><input type=\"text\" name=\"g-recaptcha-hidden\" class=\"wpforms-recaptcha-hidden\" style=\"position:absolute!important;clip:rect(0,0,0,0)!important;height:1px!important;width:1px!important;border:0!important;overflow:hidden!important;padding:0!important;margin:0!important;\" data-rule-turnstile=\"1\"><\/div><div class=\"wpforms-submit-container\" ><input type=\"hidden\" name=\"wpforms[id]\" value=\"7306\"><input type=\"hidden\" name=\"page_title\" value=\"\"><input type=\"hidden\" name=\"page_url\" value=\"https:\/\/artemis-its.com\/de\/wp-json\/wp\/v2\/pages\/7551\"><input type=\"hidden\" name=\"url_referer\" value=\"\"><button type=\"submit\" name=\"wpforms[submit]\" id=\"wpforms-submit-7306\" class=\"wpforms-submit primary-btn\" data-alt-text=\"Sending...\" data-submit-text=\"Submit\" aria-live=\"assertive\" value=\"wpforms-submit\">Submit<\/button><img loading=\"lazy\" decoding=\"async\" src=\"https:\/\/artemis-its.com\/wp-content\/plugins\/wpforms\/assets\/images\/submit-spin.svg\" class=\"wpforms-submit-spinner\" style=\"display: none;\" width=\"26\" height=\"26\" alt=\"Wird geladen\"><\/div><\/form><\/div>  <!-- .wpforms-container --><\/div>\n\n\n\n<div>\n<h2 class=\"gb-text\"><strong>Lassen Sie uns gemeinsam die Zukunft der Energie gestalten.<\/strong><\/h2>\n\n\n\n<p class=\"gb-text gb-text-37bce377\">Erz\u00e4hlen Sie uns von Ihrem Projekt und wir helfen Ihnen, es zu realisieren.<\/p>\n<\/div>\n<\/div>\n<\/div>\n<\/div>\n","protected":false},"excerpt":{"rendered":"<p>ENERGIEINFRASTRUKTUR Die n\u00e4chste Generation von Energienetzen vorantreiben Infrastruktur-Expertise treibt die Energiewende voran Unterst\u00fctzung des Ausbaus &#8230; <a title=\"Energieinfrastruktur\" class=\"read-more\" href=\"https:\/\/artemis-its.com\/de\/energieinfrastruktur\/\" aria-label=\"Mehr Informationen \u00fcber Energieinfrastruktur\">Weiterlesen &#8230;<\/a><\/p>\n","protected":false},"author":7,"featured_media":0,"parent":0,"menu_order":0,"comment_status":"closed","ping_status":"closed","template":"","meta":{"_acf_changed":false,"footnotes":""},"class_list":["post-7551","page","type-page","status-publish"],"acf":[],"_links":{"self":[{"href":"https:\/\/artemis-its.com\/de\/wp-json\/wp\/v2\/pages\/7551","targetHints":{"allow":["GET"]}}],"collection":[{"href":"https:\/\/artemis-its.com\/de\/wp-json\/wp\/v2\/pages"}],"about":[{"href":"https:\/\/artemis-its.com\/de\/wp-json\/wp\/v2\/types\/page"}],"author":[{"embeddable":true,"href":"https:\/\/artemis-its.com\/de\/wp-json\/wp\/v2\/users\/7"}],"replies":[{"embeddable":true,"href":"https:\/\/artemis-its.com\/de\/wp-json\/wp\/v2\/comments?post=7551"}],"version-history":[{"count":3,"href":"https:\/\/artemis-its.com\/de\/wp-json\/wp\/v2\/pages\/7551\/revisions"}],"predecessor-version":[{"id":7557,"href":"https:\/\/artemis-its.com\/de\/wp-json\/wp\/v2\/pages\/7551\/revisions\/7557"}],"wp:attachment":[{"href":"https:\/\/artemis-its.com\/de\/wp-json\/wp\/v2\/media?parent=7551"}],"curies":[{"name":"wp","href":"https:\/\/api.w.org\/{rel}","templated":true}]}}